{"id":256,"date":"2023-03-17T11:37:44","date_gmt":"2023-03-17T10:37:44","guid":{"rendered":"https:\/\/betatecno4.it\/?post_type=product&#038;p=256"},"modified":"2023-04-03T16:49:53","modified_gmt":"2023-04-03T14:49:53","slug":"ribbon-toshiba-resina-near-edge-112mm-x-300m","status":"publish","type":"product","link":"https:\/\/betatecno4.it\/?product=ribbon-toshiba-resina-near-edge-112mm-x-300m","title":{"rendered":"Confezione 5 Ribbon TOSHIBA resina near edge 112mm x 300m"},"content":{"rendered":"<hr class=\"no_line\" style=\"margin: 0 auto 50px auto\"\/>\n\n<div style=\"padding: 20px 10%\">\n<h3>Caratteristiche<\/h3>\n<table width=\"256\">\n<tbody>\n<tr>\n<td width=\"256\">Inchiostratura: Ink Est<br \/>\nTipo: Resina Near Edge<br \/>\nModello: B-SX4\/B-SX5\/B-EX4T1\/B-EX6T1<br \/>\nAnima pollici: 1<br \/>\nQualit\u00e0: AS1SWH<br \/>\nColore: WHITE<br \/>\nLarghezza mm: 112<br \/>\nLunghezza m: 300<\/td>\n<\/tr>\n<\/tbody>\n<\/table>\n<\/div>\n<hr class=\"no_line\" style=\"margin: 0 auto 70px auto\"\/>\n\n","protected":false},"excerpt":{"rendered":"<table width=\"256\">\n<tbody>\n<tr>\n<td width=\"256\"><strong>Confezione 5 pezzi<\/strong><\/p>\n<p>Nastro in Resina per Stampanti Near edge.<br \/>\nAdatto alla maggior parte delle etichette in materiale sintetico.<br \/>\nBuona resistenza meccanica.<br \/>\nDisponibile in diversi colori.AS1 \u00e8 un nastro in Resina di nuova generazione sviluppato per applicazioni che richiedono una eccellente resistenza meccanica e ai solventi. \u00c8 il nastro consigliato per stampe destinate all&#8217;industria chimica e farmaceutica. AS1 \u00e8 compatibile con la maggior parte dei materiali sintetici e con alcuni tipi di carta opaca e lucida. Pu\u00f2 resistere a temperature fino a 180 \u00b0 C (356 \u00b0 F) e ha un livello di nero pari a 1,8 (ODR). Offre anche la migliore protezione della testina di stampa, come tutti i nastri Toshiba. Toshiba AS1 \u00e8 la scelta perfetta per tutte le immagini destinate ad ambienti che operano situazioni difficili.<\/td>\n<\/tr>\n<\/tbody>\n<\/table>\n","protected":false},"featured_media":220,"comment_status":"open","ping_status":"closed","template":"","meta":[],"product_cat":[26,27],"product_tag":[],"class_list":{"0":"post-256","1":"product","2":"type-product","3":"status-publish","4":"has-post-thumbnail","6":"product_cat-consumabili","7":"product_cat-ribbon","9":"first","10":"instock","11":"taxable","12":"shipping-taxable","13":"purchasable","14":"product-type-simple"},"_links":{"self":[{"href":"https:\/\/betatecno4.it\/index.php?rest_route=\/wp\/v2\/product\/256","targetHints":{"allow":["GET"]}}],"collection":[{"href":"https:\/\/betatecno4.it\/index.php?rest_route=\/wp\/v2\/product"}],"about":[{"href":"https:\/\/betatecno4.it\/index.php?rest_route=\/wp\/v2\/types\/product"}],"replies":[{"embeddable":true,"href":"https:\/\/betatecno4.it\/index.php?rest_route=%2Fwp%2Fv2%2Fcomments&post=256"}],"wp:featuredmedia":[{"embeddable":true,"href":"https:\/\/betatecno4.it\/index.php?rest_route=\/wp\/v2\/media\/220"}],"wp:attachment":[{"href":"https:\/\/betatecno4.it\/index.php?rest_route=%2Fwp%2Fv2%2Fmedia&parent=256"}],"wp:term":[{"taxonomy":"product_cat","embeddable":true,"href":"https:\/\/betatecno4.it\/index.php?rest_route=%2Fwp%2Fv2%2Fproduct_cat&post=256"},{"taxonomy":"product_tag","embeddable":true,"href":"https:\/\/betatecno4.it\/index.php?rest_route=%2Fwp%2Fv2%2Fproduct_tag&post=256"}],"curies":[{"name":"wp","href":"https:\/\/api.w.org\/{rel}","templated":true}]}}