{"id":241,"date":"2023-03-17T10:34:21","date_gmt":"2023-03-17T09:34:21","guid":{"rendered":"https:\/\/betatecno4.it\/?post_type=product&#038;p=241"},"modified":"2023-04-03T16:49:54","modified_gmt":"2023-04-03T14:49:54","slug":"ribbon-toshiba-cera-resina-near-edge-68mm-x-600m","status":"publish","type":"product","link":"https:\/\/betatecno4.it\/?product=ribbon-toshiba-cera-resina-near-edge-68mm-x-600m","title":{"rendered":"Confezione 5 Ribbon TOSHIBA cera\/resina near edge 68mm x 600m"},"content":{"rendered":"<hr class=\"no_line\" style=\"margin: 0 auto 50px auto\"\/>\n\n<div style=\"padding: 20px 10%\">\n<h3>Caratteristiche<\/h3>\n<table width=\"256\">\n<tbody>\n<tr>\n<td width=\"256\">Inchiostratura: Ink Est<br \/>\nTipo: Cera\/Resina Near Edge<br \/>\nModello: B-SX4\/B-SX5\/B-EX4T1\/B-EX6T1<br \/>\nAnima pollici: 1<br \/>\nQualit\u00e0: AG2<br \/>\nColore: Black<br \/>\nLarghezza mm: 68<br \/>\nLunghezza m: 600<\/td>\n<\/tr>\n<\/tbody>\n<\/table>\n<\/div>\n<hr class=\"no_line\" style=\"margin: 0 auto 70px auto\"\/>\n\n","protected":false},"excerpt":{"rendered":"<table width=\"256\">\n<tbody>\n<tr>\n<td width=\"256\"><strong>Confezione 5 pezzi<\/strong><\/p>\n<p>Nastro cera-resina, senza sbavature.<br \/>\nUso generico.<br \/>\nDisponibile in diversi colori.AG2 \u00e8 un nastro multiuso in cera-resina ed \u00e8 il pi\u00f9 venduto di Toshiba per le stampanti near edge. Le sue prestazioni altamente versatili soddisfano le esigenze della maggior parte delle applicazioni standard. Trasferisce un&#8217;immagine chiara e nitida sulla maggior parte delle etichette, dalle carte patinate e lucide ai materiali sintetici.<br \/>\nResistente al calore fino a 100\u00b0 C (212\u00b0 F) con un nero di 2,2 (ODR), AG2 offre buoni livelli di resistenza meccanica e, come tutti i nastri Toshiba, offre anche la migliore protezione della testina di stampa. Nastri Toshiba AG2 &#8211; stampa di alta qualit\u00e0 senza sbavature<\/td>\n<\/tr>\n<\/tbody>\n<\/table>\n","protected":false},"featured_media":220,"comment_status":"open","ping_status":"closed","template":"","meta":[],"product_cat":[26,27],"product_tag":[],"class_list":{"0":"post-241","1":"product","2":"type-product","3":"status-publish","4":"has-post-thumbnail","6":"product_cat-consumabili","7":"product_cat-ribbon","9":"first","10":"instock","11":"taxable","12":"shipping-taxable","13":"purchasable","14":"product-type-simple"},"_links":{"self":[{"href":"https:\/\/betatecno4.it\/index.php?rest_route=\/wp\/v2\/product\/241","targetHints":{"allow":["GET"]}}],"collection":[{"href":"https:\/\/betatecno4.it\/index.php?rest_route=\/wp\/v2\/product"}],"about":[{"href":"https:\/\/betatecno4.it\/index.php?rest_route=\/wp\/v2\/types\/product"}],"replies":[{"embeddable":true,"href":"https:\/\/betatecno4.it\/index.php?rest_route=%2Fwp%2Fv2%2Fcomments&post=241"}],"wp:featuredmedia":[{"embeddable":true,"href":"https:\/\/betatecno4.it\/index.php?rest_route=\/wp\/v2\/media\/220"}],"wp:attachment":[{"href":"https:\/\/betatecno4.it\/index.php?rest_route=%2Fwp%2Fv2%2Fmedia&parent=241"}],"wp:term":[{"taxonomy":"product_cat","embeddable":true,"href":"https:\/\/betatecno4.it\/index.php?rest_route=%2Fwp%2Fv2%2Fproduct_cat&post=241"},{"taxonomy":"product_tag","embeddable":true,"href":"https:\/\/betatecno4.it\/index.php?rest_route=%2Fwp%2Fv2%2Fproduct_tag&post=241"}],"curies":[{"name":"wp","href":"https:\/\/api.w.org\/{rel}","templated":true}]}}