{"id":149,"date":"2023-03-01T13:11:31","date_gmt":"2023-03-01T12:11:31","guid":{"rendered":"https:\/\/betatecno4.it\/?post_type=product&#038;p=149"},"modified":"2023-03-17T16:12:22","modified_gmt":"2023-03-17T15:12:22","slug":"toshiba-ba420t-300-dpi","status":"publish","type":"product","link":"https:\/\/betatecno4.it\/?product=toshiba-ba420t-300-dpi","title":{"rendered":"Toshiba BA420T &#8211; 300 dpi"},"content":{"rendered":"<hr class=\"no_line\" style=\"margin: 0 auto 50px auto\"\/>\n\n<div style=\"padding: 20px 10%\">\n<h3>Generale<\/h3>\n<p>Temperatura\/Umidit\u00e0 operativa: 5\u00b0-40\u00b0C (41\u00b0-104\u00b0F) \/ 25-85% umidit\u00e0 relativa senza condensa (RH)<br \/>\nTemperatura\/Umidit\u00e0 di stoccaggio: -40\u00b0-60\u00b0C (-40\u00b0-140\u00b0F) \/ 10-90% umidit\u00e0 relativa senza condensa (RH)<br \/>\nPower Supply: AC 100-240 V, 50\/60 Hz<br \/>\nCarico di lavoro**: 5.000 etichette \/ giorno<br \/>\nTecnologia di stampa: Trasferimento Termico, Termico Diretto<br \/>\nTipologia testina di stampa: Flat<br \/>\nMemoria: 128 MB (FROM), 128 MB (SRAM)<br \/>\nCaricamento carta: Top opening<br \/>\nInterfaccia utente: Display LCD (grafico 128 x 64 dots), 2x LED, 3x tasti<br \/>\nTasti operatore: Feed, Restart, Pause<br \/>\nDimensioni (L x P x H): 245 x 350 x 332 mm<br \/>\nPeso: 12 kg<\/p>\n<\/div>\n<hr class=\"no_line\" style=\"margin: 0 auto 20px auto\"\/>\n\n<div style=\"padding: 20px 10%\">\n<h3>Stampa<\/h3>\n<p>Sensore: Riflettente, trasmissivo<br \/>\nRisoluzione: 203 dpi, 300 dpi<br \/>\nVelocit\u00e0 di stampa: Fino a 8 ips (203,2 mm\/sec)<br \/>\nLarghezza stampa: GS12: Max. 104 mm (4,09&#8243;), TS12: Max. 105,7 mm (4,16&#8243;)<br \/>\nLunghezza stampa: Max. 1.498 mm<br \/>\nCodici a barre: UPC\/EAN\/JAN, Code 39, Code 93, Code 128, EAN 128, NW7, MSI, Interleaved 2 of 5, Industrial 2 of 5, Matrix 2 of 5, POSTNET, RM4SCC, KIX Code, Customer Barcode, GS1 DataBar<br \/>\nCodici 2D: Data Matrix, PDF 417, MaxiCode, QR Code, Micro PDF 417, CP Code, Aztec, GS1 Data Matrix, Micro QR Code<br \/>\nFont: Bitmap, outline, price, TTF, OTF, caratteri scrivibili<\/p>\n<\/div>\n<hr class=\"no_line\" style=\"margin: 0 auto 20px auto\"\/>\n\n<div style=\"padding: 20px 10%\">\n<h3>Nastro<\/h3>\n<p>Larghezza nastro: 60 &#8211; 110 mm<br \/>\nDimensione anima nastro: 25,4 mm (1&#8243;)<br \/>\nLarghezza anima nastro: Fissa 118 mm<br \/>\nLunghezza massima ribbon: 450 m<br \/>\nMax diametro nastro: 75 mm<\/p>\n<\/div>\n<hr class=\"no_line\" style=\"margin: 0 auto 20px auto\"\/>\n\n<div style=\"padding: 20px 10%\">\n<h3>Media<\/h3>\n<p>Allineamento: Centrale<br \/>\nLarghezza supporto: Termico Diretto: 22 &#8211; 118 mm,<br \/>\nTrasferimento Termico: \u00a022 &#8211; 114 mm<br \/>\nSpessore supporto: Termico Diretto: 0,08 &#8211; 0,17 mm<br \/>\nTrasferimento Termico: 0,1 &#8211; 0,17 mm<br \/>\nDiametro anima: 38 mm, 40 mm, 42 mm, 76,2 mm<br \/>\nMax diametro esterno rotolo: 152,4 mm<br \/>\nTipo di supporto: Carte ed etichette Vellum, carta patinata opaca, carta patinata lucida, materiale sintetico, materiale in PET, materiali in poliammide<br \/>\nFormato supporto: Rotolo, fanfold<\/p>\n<\/div>\n<p>&nbsp;<\/p>\n<hr class=\"no_line\" style=\"margin: 0 auto 20px auto\"\/>\n\n<div style=\"padding: 20px 10%\">\n<h3>Software&amp;Connettivit\u00e0<\/h3>\n<p>Emulazione: ZPL II, SBPL<br \/>\nDriver di stampa: Windows 10\/8.1\/8\/7 (32\/64 bit), Windows Server 2016, Windows Server 2012 R2\/Server 2012\/Server 2008 R2, Linux, SAP<br \/>\nSDK:iOS, Android, Windows, Java<br \/>\nInterfaccia: USB 2.0 HS, Ethernet 10\/100 Base T (IPv4 &amp; IPv6), Bluetooth V2.1 EDR with MFi certified, NFC (per accoppiamento Bluetooth), WLAN 802.11a\/b\/g\/n (dual band per 2.4 GHz\/5 GHz)*, porta parallela*, porta seriale*, expansion I\/O*<br \/>\nLinguaggio: TPCL, Basic Command Interpreter (BCI)<br \/>\nSoftware etichetta: BarTender UltraLite (incluso)<br \/>\nIoT Device Management: SOTI Connect<\/p>\n<\/div>\n<hr class=\"no_line\" style=\"margin: 0 auto 20px auto\"\/>\n\n<div style=\"padding: 20px 10%\">\n<h3>Funzioni<\/h3>\n<p>Modalit\u00e0: Batch, Taglio automatico*, Spellicolamento*<br \/>\nCaratteristiche: Controllo tensione nastro a doppio motore, Testina di stampa snap-in, Strumento di gestione della rete SNMP per PC \/ Android \/ iOS, ammortizzatore coperchio<br \/>\n** : Indicazione del numero di etichette da 4&#8243; che una stampante pu\u00f2 produrre. Valore puramente indicativo, non intende essere n\u00e9 una garanzia n\u00e9 una limitazione delle prestazioni<\/p>\n<\/div>\n<hr class=\"no_line\" style=\"margin: 0 auto 70px auto\"\/>\n\n","protected":false},"excerpt":{"rendered":"<p>Stampante di nuova generazione dalle alte prestazioni<\/p>\n<p>La serie Toshiba BA400 \u00e8 la prima della nuova generazione di prodotti con una piattaforma software completamente nuova.<\/p>\n<p>La nuova piattaforma aggiunge non solo prestazioni ma estende la connettivit\u00e0 e l&#8217;adattabilit\u00e0 del BA420T per far fronte alle sfide di un ambiente di lavoro in continua evoluzione.<\/p>\n<p>La BA420T con il suo ingombro ridotto porta le prestazioni di una stampante industriale nei luoghi di lavoro in cui lo spazio \u00e8 un vantaggio, come uffici o negozi al dettaglio.<\/p>\n","protected":false},"featured_media":148,"comment_status":"open","ping_status":"closed","template":"","meta":[],"product_cat":[18,31],"product_tag":[],"class_list":{"0":"post-149","1":"product","2":"type-product","3":"status-publish","4":"has-post-thumbnail","6":"product_cat-stampanti","7":"product_cat-termiche","9":"first","10":"instock","11":"taxable","12":"shipping-taxable","13":"purchasable","14":"product-type-simple"},"_links":{"self":[{"href":"https:\/\/betatecno4.it\/index.php?rest_route=\/wp\/v2\/product\/149","targetHints":{"allow":["GET"]}}],"collection":[{"href":"https:\/\/betatecno4.it\/index.php?rest_route=\/wp\/v2\/product"}],"about":[{"href":"https:\/\/betatecno4.it\/index.php?rest_route=\/wp\/v2\/types\/product"}],"replies":[{"embeddable":true,"href":"https:\/\/betatecno4.it\/index.php?rest_route=%2Fwp%2Fv2%2Fcomments&post=149"}],"wp:featuredmedia":[{"embeddable":true,"href":"https:\/\/betatecno4.it\/index.php?rest_route=\/wp\/v2\/media\/148"}],"wp:attachment":[{"href":"https:\/\/betatecno4.it\/index.php?rest_route=%2Fwp%2Fv2%2Fmedia&parent=149"}],"wp:term":[{"taxonomy":"product_cat","embeddable":true,"href":"https:\/\/betatecno4.it\/index.php?rest_route=%2Fwp%2Fv2%2Fproduct_cat&post=149"},{"taxonomy":"product_tag","embeddable":true,"href":"https:\/\/betatecno4.it\/index.php?rest_route=%2Fwp%2Fv2%2Fproduct_tag&post=149"}],"curies":[{"name":"wp","href":"https:\/\/api.w.org\/{rel}","templated":true}]}}