{"id":140,"date":"2023-03-01T12:24:06","date_gmt":"2023-03-01T11:24:06","guid":{"rendered":"https:\/\/betatecno4.it\/?post_type=product&#038;p=140"},"modified":"2023-03-17T16:12:22","modified_gmt":"2023-03-17T15:12:22","slug":"toshiba-b-852","status":"publish","type":"product","link":"https:\/\/betatecno4.it\/?product=toshiba-b-852","title":{"rendered":"Toshiba B-852"},"content":{"rendered":"<hr class=\"no_line\" style=\"margin: 0 auto 50px auto\"\/>\n\n<div style=\"padding: 20px 10%\">\n<h3>Generale<\/h3>\n<p>Tecnologia di stampa: Trasferimento termico, termico diretto<br \/>\nTipologia testina di stampa: Flat<br \/>\nInterfaccia: Parallela, Ethernet 10\/100 BaseT, USB 2.0<br \/>\nMemoria: 16 MB (Flash ROM), 16 MB (SD-RAM)<br \/>\nAllineamento: Centrale<br \/>\nCaricamento carta: Dall&#8217;alto<br \/>\nSensore: Riflettente, trasmissivo<br \/>\nInterfaccia utente: Display LCD (16 caratteri x 1 linea), Indicatore di stato<br \/>\nTasti operatore: Feed, Restart, Pause<br \/>\nDimensioni (L x P x H):385 x 181 x 243 mm<br \/>\nPeso: 15,6 kg<br \/>\nCarico di lavoro**: 15.000 etichette \/ giorno<\/p>\n<\/div>\n<hr class=\"no_line\" style=\"margin: 0 auto 20px auto\"\/>\n\n<div style=\"padding: 20px 10%\">\n<h3>Stampa<\/h3>\n<p>Larghezza stampa: 8,5 pollici (216,8 mm)<br \/>\nVelocit\u00e0 di stampa: Fino a 4 ips (101,6 mm\/sec)<br \/>\nRisoluzione: 300 dpi<br \/>\nFont: Bitmap, Outline, Price Fonts<br \/>\nLunghezza stampa: Max. 640 mmCodici a barre:EAN8, EAN13, JAN8, JAN13, UPC-A, UPC-E, NW-7, CODE 39, CODE 93, ITF, MSI, CODE128, EAN128, Industrial 2 of 5, Customer Barcode, POSTNET, RM4SCC, KIX CODE, RSS14<br \/>\nCodici 2D: Data Matrix, PDF417, QR Code, Maxi Code, Micro PDF417, CP Code<\/p>\n<\/div>\n<hr class=\"no_line\" style=\"margin: 0 auto 20px auto\"\/>\n\n<div style=\"padding: 20px 10%\">\n<h3>Supporti di stampa<\/h3>\n<p>Larghezza supporto: 100 &#8211; 242 mm<br \/>\nSpessore supporto: 0,08 &#8211; 0,18 mm<br \/>\nMax diametro esterno rotolo: 230 mm<br \/>\nDiametro anima: Max. 76,2 mm<br \/>\nTipo di supporto: Carta ed etichette Vellum, carta patinata opaca, carta patinata lucida, materiale sintetico, materiale in PET, materiali in poliammide<\/p>\n<\/div>\n<hr class=\"no_line\" style=\"margin: 0 auto 20px auto\"\/>\n\n<div style=\"padding: 20px 10%\">\n<h3>Nastro<\/h3>\n<p>Max diametro nastro: 72 mm<br \/>\nLunghezza standard nastro: 300 m<br \/>\nLarghezza nastro: 120 &#8211; 220 mm<br \/>\nLarghezza anima nastro: 240 mm<\/p>\n<\/div>\n<p>&nbsp;<\/p>\n<hr class=\"no_line\" style=\"margin: 0 auto 20px auto\"\/>\n\n<div style=\"padding: 20px 10%\">\n<h3>Funzioni<\/h3>\n<p>Linguaggio di programmazione: TPCL, BCI<br \/>\nModalit\u00e0: Batch, Taglio automatico*<br \/>\nCaratteristiche: Tool SNMP per la gestione della rete<br \/>\n** : Indicazione del numero di etichette da 4&#8243; che una stampante pu\u00f2 produrre. Valore puramente indicativo, non intende essere ne&#8217; una garanzia ne&#8217; una limitazione delle prestazioni<\/p>\n<\/div>\n<hr class=\"no_line\" style=\"margin: 0 auto 70px auto\"\/>\n\n","protected":false},"excerpt":{"rendered":"<p>Stampante compatta e affidabile, dal design robusto<\/p>\n<p>La B-852 combina un solido meccanismo interno a un design robusto, conferendo alla stampante compattezza e affidabilit\u00e0 per stampe in largo formato.<\/p>\n<p>La B-852 eredita l&#8217;esperienza e la conoscenza Toshiba nella creazione di stampanti di produzione ad alta qualit\u00e0 e di lunga durata. Grazie all&#8217;affidabilit\u00e0 del suo motore e alla sua facilit\u00e0 di manutenzione, la B-852 \u00e8 in grado di produrre etichette di grande formato in quantit\u00e0 con bassi costi di gestione. L\u2019ampia gamma di interfacce, le varie opzioni e la compattezza della B-852 rendono questa stampante facile da installare sia in ufficio che in ambienti industriali.<\/p>\n","protected":false},"featured_media":141,"comment_status":"open","ping_status":"closed","template":"","meta":[],"product_cat":[18,31],"product_tag":[],"class_list":{"0":"post-140","1":"product","2":"type-product","3":"status-publish","4":"has-post-thumbnail","6":"product_cat-stampanti","7":"product_cat-termiche","9":"first","10":"instock","11":"taxable","12":"shipping-taxable","13":"purchasable","14":"product-type-simple"},"_links":{"self":[{"href":"https:\/\/betatecno4.it\/index.php?rest_route=\/wp\/v2\/product\/140","targetHints":{"allow":["GET"]}}],"collection":[{"href":"https:\/\/betatecno4.it\/index.php?rest_route=\/wp\/v2\/product"}],"about":[{"href":"https:\/\/betatecno4.it\/index.php?rest_route=\/wp\/v2\/types\/product"}],"replies":[{"embeddable":true,"href":"https:\/\/betatecno4.it\/index.php?rest_route=%2Fwp%2Fv2%2Fcomments&post=140"}],"wp:featuredmedia":[{"embeddable":true,"href":"https:\/\/betatecno4.it\/index.php?rest_route=\/wp\/v2\/media\/141"}],"wp:attachment":[{"href":"https:\/\/betatecno4.it\/index.php?rest_route=%2Fwp%2Fv2%2Fmedia&parent=140"}],"wp:term":[{"taxonomy":"product_cat","embeddable":true,"href":"https:\/\/betatecno4.it\/index.php?rest_route=%2Fwp%2Fv2%2Fproduct_cat&post=140"},{"taxonomy":"product_tag","embeddable":true,"href":"https:\/\/betatecno4.it\/index.php?rest_route=%2Fwp%2Fv2%2Fproduct_tag&post=140"}],"curies":[{"name":"wp","href":"https:\/\/api.w.org\/{rel}","templated":true}]}}