{"id":139,"date":"2023-03-01T12:22:47","date_gmt":"2023-03-01T11:22:47","guid":{"rendered":"https:\/\/betatecno4.it\/?post_type=product&#038;p=139"},"modified":"2023-03-17T16:14:05","modified_gmt":"2023-03-17T15:14:05","slug":"toshiba-b-ex4t2-300-dpi","status":"publish","type":"product","link":"https:\/\/betatecno4.it\/?product=toshiba-b-ex4t2-300-dpi","title":{"rendered":"Toshiba B-EX4T2 &#8211; 300 dpi"},"content":{"rendered":"<hr class=\"no_line\" style=\"margin: 0 auto 50px auto\"\/>\n\n<div style=\"padding: 20px 10%\">\n<h3>Generale<\/h3>\n<p>Tecnologia di stampa: Trasferimento termico, termico diretto<br \/>\nTipologia testina di stampa: Flat<br \/>\nInterfaccia: Ethernet 10\/100 BaseT, USB 2.0<br \/>\nMemoria: 16 MB (Flash ROM), 32 MB (SD-RAM)<br \/>\nAllineamento: A sinistra<br \/>\nCaricamento carta: Apertura laterale<br \/>\nSensore: Riflettente, trasmissivo<br \/>\nInterfaccia utente: Display LCD (Grafico 128 x 64 punti), Indicatore di stato<br \/>\nTasti operatore: Feed, Restart, Pause, navigazione Menu<br \/>\nDimensioni (L x P x H): 278 x 460 x 310 mm<br \/>\nPeso: 17 kg<br \/>\nCarico di lavoro**: 30.000 etichette \/ giorno<\/p>\n<\/div>\n<hr class=\"no_line\" style=\"margin: 0 auto 20px auto\"\/>\n\n<div style=\"padding: 20px 10%\">\n<h3>Stampa<\/h3>\n<p>Larghezza stampa: 4,09 pollici (104 mm)<br \/>\nVelocit\u00e0 di stampa: Fino a 12 ips (304,8 mm \/ sec)<br \/>\nRisoluzione: 203 dpi, 300 dpi, 600 dpi<br \/>\nFont: Bitmap, Outline, Writable characters, Optional True Type<br \/>\nLunghezza stampa: Max. 1.498 mm (203 dpi, 300 dpi), Max. 498 mm (600 dpi)<br \/>\nCodici a barre: EAN8, EAN13, JAN8, JAN13, UPC-A, UPC-E, NW-7, CODE 39, CODE 93, ITF, MSI, CODE128, EAN128, Industrial 2 of 5, Customer Barcode, POSTNET, RM4SCC, KIX CODE, GS1 DataBar<br \/>\nCodici 2D: Data Matrix, PDF417, QR Code, Maxi Code, Micro PDF417, CP Code<\/p>\n<\/div>\n<hr class=\"no_line\" style=\"margin: 0 auto 20px auto\"\/>\n\n<div style=\"padding: 20px 10%\">\n<h3>Supporti di stampa<\/h3>\n<p>Larghezza supporto: 22 &#8211; 114 mm<br \/>\nSpessore supporto: 0,08 &#8211; 0,17 mm<br \/>\nMax diametro esterno rotolo: 200 mm<br \/>\nDiametro anima: 76,2 mm<br \/>\nTipo di supporto: Carta ed etichette Vellum, carta patinata opaca, carta patinata lucida, materiale sintetico, materiale in PET, materiali in poliammide<\/p>\n<\/div>\n<hr class=\"no_line\" style=\"margin: 0 auto 20px auto\"\/>\n\n<div style=\"padding: 20px 10%\">\n<h3>Nastro<\/h3>\n<p>Max diametro nastro: 90 mm<br \/>\nLunghezza standard nastro: Fino a 600 m<br \/>\nLarghezza nastro: 41 &#8211; 112 mm<br \/>\nLarghezza anima nastro: Flush Cut to Ribbon Width<\/p>\n<\/div>\n<p>&nbsp;<\/p>\n<hr class=\"no_line\" style=\"margin: 0 auto 20px auto\"\/>\n\n<div style=\"padding: 20px 10%\">\n<h3>Funzioni<\/h3>\n<p>Funzioni di stampa: Z Mode ready<br \/>\nLinguaggio di programmazione: TPCL, BCI<br \/>\nModalit\u00e0: Batch, Taglio automatico*, Spellicolamento*<br \/>\nCaratteristiche: Controllo tensione nastro a doppio avvolgimento, testina di stampa Snap-in, compatibilit\u00e0 ENERGY STAR, tool SNMP per la gestione di rete, software BarTender UltraLite, Ammortizzatore coperchio*<br \/>\n** : Indicazione del numero di etichette da 4&#8243; che una stampante pu\u00f2 produrre. Valore puramente indicativo, non intende essere ne&#8217; una garanzia ne&#8217; una limitazione delle prestazioni<\/p>\n<\/div>\n<hr class=\"no_line\" style=\"margin: 0 auto 70px auto\"\/>\n\n","protected":false},"excerpt":{"rendered":"<p>Stampante adatta per qualsiasi ambiente di lavoro<\/p>\n<p>Toshiba ha coniugato esperienza, conoscenza e attenzione alla qualit\u00e0 e all\u2019affidabilit\u00e0. Da market leader tecnologico offre quello che \u00e8 rapidamente diventato una standard di fatto del mercato.<\/p>\n<p>La B-EX4T2 \u00e8 la perfetta combinazione di quanto Toshiba ha prodotto come importante attore nell&#8217;ambito della stampa industriale con standard tecnici normalmente impiegati nelle altre stampanti barcode. Il risultato \u00e8 una stampante in grado di garantire qualit\u00e0 di stampa, performance, affidabilit\u00e0 e flessibilit\u00e0 in qualsiasi ambiente di lavoro, dove gli utilizzatori non devono cambiare il proprio modo di lavorare. Il prezzo, il costo totale di possesso e altri numerosi vantaggi fanno si che la B-EX4T2 sia diventato il prodotto di riferimento di mercato nella sua categoria.<\/p>\n","protected":false},"featured_media":135,"comment_status":"open","ping_status":"closed","template":"","meta":[],"product_cat":[18,31],"product_tag":[],"class_list":{"0":"post-139","1":"product","2":"type-product","3":"status-publish","4":"has-post-thumbnail","6":"product_cat-stampanti","7":"product_cat-termiche","9":"first","10":"instock","11":"taxable","12":"shipping-taxable","13":"purchasable","14":"product-type-simple"},"_links":{"self":[{"href":"https:\/\/betatecno4.it\/index.php?rest_route=\/wp\/v2\/product\/139","targetHints":{"allow":["GET"]}}],"collection":[{"href":"https:\/\/betatecno4.it\/index.php?rest_route=\/wp\/v2\/product"}],"about":[{"href":"https:\/\/betatecno4.it\/index.php?rest_route=\/wp\/v2\/types\/product"}],"replies":[{"embeddable":true,"href":"https:\/\/betatecno4.it\/index.php?rest_route=%2Fwp%2Fv2%2Fcomments&post=139"}],"wp:featuredmedia":[{"embeddable":true,"href":"https:\/\/betatecno4.it\/index.php?rest_route=\/wp\/v2\/media\/135"}],"wp:attachment":[{"href":"https:\/\/betatecno4.it\/index.php?rest_route=%2Fwp%2Fv2%2Fmedia&parent=139"}],"wp:term":[{"taxonomy":"product_cat","embeddable":true,"href":"https:\/\/betatecno4.it\/index.php?rest_route=%2Fwp%2Fv2%2Fproduct_cat&post=139"},{"taxonomy":"product_tag","embeddable":true,"href":"https:\/\/betatecno4.it\/index.php?rest_route=%2Fwp%2Fv2%2Fproduct_tag&post=139"}],"curies":[{"name":"wp","href":"https:\/\/api.w.org\/{rel}","templated":true}]}}