{"id":134,"date":"2023-03-01T12:12:20","date_gmt":"2023-03-01T11:12:20","guid":{"rendered":"https:\/\/betatecno4.it\/?post_type=product&#038;p=134"},"modified":"2023-03-17T16:14:05","modified_gmt":"2023-03-17T15:14:05","slug":"toshiba-b-ex4t1-203-dpi","status":"publish","type":"product","link":"https:\/\/betatecno4.it\/?product=toshiba-b-ex4t1-203-dpi","title":{"rendered":"Toshiba B-EX4T1 &#8211; 203 dpi"},"content":{"rendered":"<hr class=\"no_line\" style=\"margin: 0 auto 50px auto\"\/>\n\n<div style=\"padding: 20px 10%\">\n<h3>Generale<\/h3>\n<p>Tecnologia di stampa: Trasferimento termico, termico diretto<br \/>\nTipologia testina di stampa: Near Edge<br \/>\nInterfaccia: Ethernet 10\/100 BaseT, USB 2.0<br \/>\nMemoria: 16 MB (Flash ROM), 32 MB (SD-RAM)<br \/>\nAllineamento: Centrale<br \/>\nCaricamento carta: Apertura laterale<br \/>\nSensore: Riflettente, trasmissivo<br \/>\nInterfaccia utente: Display LCD (Grafico 128 x 64 punti), Indicatore di stato<br \/>\nTasti operatore: Feed, Restart, Pause, Navigazione Menu<br \/>\nDimensioni (L x P x H): 278 x 460 x 310 mm<br \/>\nPeso: 17 kg<br \/>\nCarico di lavoro**: 30.000 etichette \/ giorno<\/p>\n<\/div>\n<hr class=\"no_line\" style=\"margin: 0 auto 20px auto\"\/>\n\n<div style=\"padding: 20px 10%\">\n<h3>Stampa<\/h3>\n<p>Larghezza stampa: 4,09 inches (104 mm)<br \/>\nVelocit\u00e0 di stampa: Fino a 14 ips (355,6 mm\/sec)<br \/>\nRisoluzione: 203 dpi, 305 dpi<br \/>\nFont: Bitmap, Outline, Writable characters, Optional True Type<br \/>\nLunghezza stampa: Max. 1.498 mm<br \/>\nCodici a barre: EAN8, EAN13, JAN8, JAN13, UPC-A, UPC-E, NW-7, CODE 39, CODE 93, ITF, MSI, CODE128, EAN128, Industrial 2 of 5, Customer Barcode, POSTNET, RM4SCC, KIX CODE, GS1 DataBar<br \/>\nCodici 2D: Data Matrix, PDF417, QR Code, Maxi Code, Micro PDF417, CP Code<\/p>\n<\/div>\n<hr class=\"no_line\" style=\"margin: 0 auto 20px auto\"\/>\n\n<div style=\"padding: 20px 10%\">\n<h3>Supporti di stampa<\/h3>\n<p>Larghezza supporto: 27 &#8211; 120 mm<br \/>\nSpessore supporto: 0,13 &#8211; 0,263 mm<br \/>\nMax diametro esterno rotolo: 200 mm<br \/>\nDiametro anima: 76,2 mm<br \/>\nTipo di supporto: Carta ed etichette Vellum, carta patinata opaca, carta patinata lucida, materiale sintetico, materiale in PET, materiali in poliammide<\/p>\n<\/div>\n<hr class=\"no_line\" style=\"margin: 0 auto 20px auto\"\/>\n\n<div style=\"padding: 20px 10%\">\n<h3>Nastro<\/h3>\n<p>Max diametro nastro: 90 mm<br \/>\nLunghezza standard nastro: 600 m<br \/>\nLarghezza nastro: 41 &#8211; 112 mm<br \/>\nLarghezza anima nastro: Tagliata a filo<\/p>\n<\/div>\n<p>&nbsp;<\/p>\n<hr class=\"no_line\" style=\"margin: 0 auto 20px auto\"\/>\n\n<div style=\"padding: 20px 10%\">\n<h3>Funzioni<\/h3>\n<p>Funzioni di stampa: Risparmio nastro*, Z Mode ready<br \/>\nLinguaggio di programmazione: TPCL, BCI<br \/>\nModalit\u00e0: Batch, Taglio automatico*, Spellicolamento*<br \/>\nCaratteristiche: Predisposizione RFID, controllo tensione nastro a doppio avvolgimento, testina di stampa Snap-in, compatibilit\u00e0 ENERGY STAR, tool SNMP per la gestione di rete, software BarTender UltraLite, Ammortizzatore coperchio<br \/>\n** : Indicazione del numero di etichette da 4&#8243; che una stampante pu\u00f2 produrre. Valore puramente indicativo, non intende essere n\u00e9 una garanzia n\u00e9 una limitazione delle prestazioni<\/p>\n<\/div>\n<hr class=\"no_line\" style=\"margin: 0 auto 70px auto\"\/>\n\n","protected":false},"excerpt":{"rendered":"<p>Stampante dalle prestazioni elevate<\/p>\n<p>Un impegno continuo in ricerca e sviluppo e una grande attenzione ai riscontri della clientela hanno consentito la progettazione e realizzazione di questa gamma di stampanti termiche industriali, dalle qualit\u00e0 eccezionali, prestazioni elevate e una manutenzione agevole ed ecologica.<\/p>\n<p>La\u00a0B-EX4T1 combina la comprovata affidabilit\u00e0 e funzionalit\u00e0 della serie BSX,\u00a0implementandone le caratteristiche e l&#8217;operativit\u00e0. Affidabilit\u00e0 e alte prestazioni spesso comportano fatalmente un costo elevato; con la B-EX4T1 siamo riusciti invece\u00a0a integrare di serie tutte le sue funzionalit\u00e0 pi\u00f9 importanti abbassando il costo iniziale e valorizzando l&#8217;investimento nel futuro.<\/p>\n","protected":false},"featured_media":136,"comment_status":"open","ping_status":"closed","template":"","meta":[],"product_cat":[18,31],"product_tag":[],"class_list":{"0":"post-134","1":"product","2":"type-product","3":"status-publish","4":"has-post-thumbnail","6":"product_cat-stampanti","7":"product_cat-termiche","9":"first","10":"instock","11":"taxable","12":"shipping-taxable","13":"purchasable","14":"product-type-simple"},"_links":{"self":[{"href":"https:\/\/betatecno4.it\/index.php?rest_route=\/wp\/v2\/product\/134","targetHints":{"allow":["GET"]}}],"collection":[{"href":"https:\/\/betatecno4.it\/index.php?rest_route=\/wp\/v2\/product"}],"about":[{"href":"https:\/\/betatecno4.it\/index.php?rest_route=\/wp\/v2\/types\/product"}],"replies":[{"embeddable":true,"href":"https:\/\/betatecno4.it\/index.php?rest_route=%2Fwp%2Fv2%2Fcomments&post=134"}],"wp:featuredmedia":[{"embeddable":true,"href":"https:\/\/betatecno4.it\/index.php?rest_route=\/wp\/v2\/media\/136"}],"wp:attachment":[{"href":"https:\/\/betatecno4.it\/index.php?rest_route=%2Fwp%2Fv2%2Fmedia&parent=134"}],"wp:term":[{"taxonomy":"product_cat","embeddable":true,"href":"https:\/\/betatecno4.it\/index.php?rest_route=%2Fwp%2Fv2%2Fproduct_cat&post=134"},{"taxonomy":"product_tag","embeddable":true,"href":"https:\/\/betatecno4.it\/index.php?rest_route=%2Fwp%2Fv2%2Fproduct_tag&post=134"}],"curies":[{"name":"wp","href":"https:\/\/api.w.org\/{rel}","templated":true}]}}